{"id":161,"date":"2024-06-18T18:46:00","date_gmt":"2024-06-18T18:46:00","guid":{"rendered":"https:\/\/dap.web2.compleet.cloud\/?page_id=161"},"modified":"2024-06-18T18:48:58","modified_gmt":"2024-06-18T18:48:58","slug":"algemene-voorwaarden","status":"publish","type":"page","link":"https:\/\/dierenartsypenburgnootdorp.nl\/?page_id=161","title":{"rendered":"Algemene Voorwaarden"},"content":{"rendered":"\t\t<div data-elementor-type=\"wp-page\" data-elementor-id=\"161\" class=\"elementor elementor-161\">\n\t\t\t\t<div class=\"elementor-element elementor-element-4df93ebe e-flex e-con-boxed e-con e-parent\" data-id=\"4df93ebe\" data-element_type=\"container\">\n\t\t\t\t\t<div class=\"e-con-inner\">\n\t\t\t\t<div class=\"elementor-element elementor-element-e47e27e elementor-widget elementor-widget-spacer\" data-id=\"e47e27e\" data-element_type=\"widget\" data-widget_type=\"spacer.default\">\n\t\t\t\t<div class=\"elementor-widget-container\">\n\t\t\t\t\t<div class=\"elementor-spacer\">\n\t\t\t<div class=\"elementor-spacer-inner\"><\/div>\n\t\t<\/div>\n\t\t\t\t<\/div>\n\t\t\t\t<\/div>\n\t\t\t\t<div class=\"elementor-element elementor-element-7bf3c289 elementor-widget elementor-widget-heading\" data-id=\"7bf3c289\" data-element_type=\"widget\" data-widget_type=\"heading.default\">\n\t\t\t\t<div class=\"elementor-widget-container\">\n\t\t\t<h1 class=\"elementor-heading-title elementor-size-default\">Algemene voorwaarden<\/h1>\t\t<\/div>\n\t\t\t\t<\/div>\n\t\t\t\t<div class=\"elementor-element elementor-element-4b5e9d1f elementor-widget elementor-widget-text-editor\" data-id=\"4b5e9d1f\" data-element_type=\"widget\" data-widget_type=\"text-editor.default\">\n\t\t\t\t<div class=\"elementor-widget-container\">\n\t\t\t\t\t\t\t<p>van de KNMvD en Dierenartsenpraktijk Ypenburg &amp; Dorpsstraat Nootdorp<\/p>\t\t\t\t\t\t<\/div>\n\t\t\t\t<\/div>\n\t\t\t\t<div class=\"elementor-element elementor-element-40890bb elementor-widget elementor-widget-spacer\" data-id=\"40890bb\" data-element_type=\"widget\" data-widget_type=\"spacer.default\">\n\t\t\t\t<div class=\"elementor-widget-container\">\n\t\t\t\t\t<div class=\"elementor-spacer\">\n\t\t\t<div class=\"elementor-spacer-inner\"><\/div>\n\t\t<\/div>\n\t\t\t\t<\/div>\n\t\t\t\t<\/div>\n\t\t\t\t\t<\/div>\n\t\t\t\t<\/div>\n\t\t<div class=\"elementor-element elementor-element-1dff849d e-flex e-con-boxed e-con e-parent\" data-id=\"1dff849d\" data-element_type=\"container\">\n\t\t\t\t\t<div class=\"e-con-inner\">\n\t\t\t\t<div class=\"elementor-element elementor-element-e59e0c2 elementor-widget elementor-widget-text-editor\" data-id=\"e59e0c2\" data-element_type=\"widget\" data-widget_type=\"text-editor.default\">\n\t\t\t\t<div class=\"elementor-widget-container\">\n\t\t\t\t\t\t\t<p><!-- wp:heading --><\/p>\n<header class=\"entry-header\">\n<p class=\"entry-title\"><span style=\"font-size: 16px;\">Op onze behandelings overeenkomsten zijn van toepassing de Algemene Voorwaarden van de Koninklijke Nederlandse Maatschappij voor Diergeneeskunde, gedeponeerd ter griffie van de Arrondissementsrechtbank te Utrecht onder nummer 02\/192.<\/span><\/p>\n<p>\u00a0<\/p>\n<\/header>\n<div class=\"entry-content\">\n<h5>Artikel 1: Definities<\/h5>\n<p>In deze Algemene Voorwaarden wordt verstaan onder:<\/p>\n<p><strong>Algemene Voorwaarden<\/strong>: alle bepalingen uit de hieronder omschreven Algemene Voorwaarden;<br \/><strong>KNMvD<\/strong>: de Koninklijke Nederlandse Maatschappij voor Diergeneeskunde, statutair gevestigd te Utrecht;<br \/><strong>Dierenarts<\/strong>: degene die krachtens de Wet op het wetenschappelijk onderwijs (Stb 1985, 562), de hoedanigheid van Dierenarts heeft verkregen, of op grond van de Wet op de uitoefening van de diergeneeskunde 1990 tot de uitoefening van de diergeneeskunde is toegelaten, die lid van de Koninklijke Nederlandse Maatschappij voor Diergeneeskunde is en die in opdracht van de Cli\u00ebnt diergeneeskundige behandelingen verricht en\/of, in het kader daarvan medicamenten levert en\/of verkoopt en\/of overige diergeneeskundige adviezen geeft en -diensten verricht;<br \/><strong>Dierenartsenpraktijk<\/strong>: De Dierenarts(en) als hierboven gedefinieerd alsmede de praktijk die de Dierenarts(en) met gebruikmaking van alle (hulp) personen, waaronder begrepen maar niet uitsluitend dierenartsen, assistentes laboranten e.d., al dan niet op basis van een arbeidsovereenkomst, voer(t)(en) , in welke juridische rechtsvorm en\/of samenwerking dan ook;<br \/><strong>Cli\u00ebnt<\/strong>: de eigenaar van de te behandelen Pati\u00ebnt en\/of de aanbieder van de Pati\u00ebnt in wiens opdracht de Dierenartsenpraktijk de diergeneeskundige behandelingen verricht en\/of adviezen geeft;<br \/><strong>Pati\u00ebnt(en)<\/strong>: het door de Cli\u00ebnt ter behandeling aangeboden dier, dieren of groepen van dieren en\/of het dier, de dieren of groepen van dieren waarover diergeneeskundig advies wordt gegeven;<br \/><strong>(Behandelings)overeenkomst<\/strong>: de overeenkomst (van opdracht) tussen de Dierenartsenpraktijk en de Cli\u00ebnt tot het verrichten van diergeneeskundige behandelingen, het leveren van medicamenten en\/of het geven van adviezen en\/of het verrichten van (diergeneeskundige) keuringen;<br \/><strong>Debiteur<\/strong>: degene op wiens naam de factuur van de Dierenartsenpraktijk is gesteld.<br \/><strong>Spreekuur<\/strong>: het Spreekuur van de Dierenartsenpraktijk waarbij de Cli\u00ebnt, al dan niet op afspraak, binnen vastgestelde tijden in de Dierenartsenpraktijk kan inlopen voor daartoe door de Dierenartsenpraktijk vastgestelde diergeneeskundige verrichtingen en\/of onderzoek;<\/p>\n<h5>\u00a0<\/h5>\n<h5>Artikel 2: Toepasselijkheid<\/h5>\n<p><b>2.1<\/b><br \/>Deze Algemene Voorwaarden zijn van toepassing op alle (Behandelings)overeenkomsten tussen de Dierenartsenpraktijk en de Cli\u00ebnt.<\/p>\n<p><b>2.2<\/b> Aanvullende en\/of afwijkende voorwaarden van de Cli\u00ebnt binden de Dierenartsenpraktijk niet. Aanvullende en\/of afwijkende voorwaarden gelden alleen tussen partijen indien de Dierenartsenpraktijk schriftelijk met deze aanvullende en\/of afwijkende voorwaarden heeft ingestemd.<\/p>\n<p>\u00a0<\/p>\n<h5>Artikel 3: Totstandkoming (Behandelings)overeenkomst<\/h5>\n<p><b>3.1<\/b><br \/>Alle aanbiedingen tot het sluiten van een (Behandelings)overeenkomst zijn vrijblijvend, tenzij tussen partijen anders is overeengekomen.<\/p>\n<p><b>3.2<\/b><br \/>De tussen de Dierenartsenpraktijk en de Cli\u00ebnt te sluiten (Behandelings)overeenkomst is eerst rechtsgeldig vanaf het moment dat de overeenkomst door de Dierenartsenpraktijk schriftelijk is bevestigd, dan wel wanneer de Dierenartsenpraktijk met de uitvoering van de overeenkomst is begonnen en\/of de te leveren medicamenten heeft geleverd.<\/p>\n<p><b>3.3<\/b><br \/>De Dierenartsenpraktijk heeft te allen tijde het recht om indien een aanbod tot het sluiten van een (Behandelings)overeenkomst uiteindelijk niet tot een definitieve overeenkomst leidt, alle kosten die de Dierenartsenpraktijk heeft moeten maken om de aanbieding aan de Cli\u00ebnt te verstrekken, in rekening te brengen.<\/p>\n<p><b>3.4<\/b><br \/>De Dierenartsenpraktijk heeft het recht om het sluiten van een Behandelingsovereenkomst, ten aanzien van een aan hem ter behandeling aangeboden Pati\u00ebnt, te weigeren en\/of om slechts onder bepaalde voorwaarden aan te nemen, indien de Dierenartsenpraktijk van mening is dat behandeling van Pati\u00ebnt geen althans volstrekt onvoldoende kans op succes heeft tenzij de Dierenartsenpraktijk op grond van wettelijke en\/of gedrags-\/tuchtrechtelijke regelgeving verplicht is de aangeboden Pati\u00ebnt wel te behandelen.<\/p>\n<p>\u00a0<\/p>\n<h5>Artikel 4: Inhoud (Behandelings)overeenkomst<\/h5>\n<p><b>4.1<\/b><br \/>De tussen de Dierenartsenpraktijk en de Cli\u00ebnt gesloten (Behandelings)overeenkomst leidt tot een inspanningsverbintenis van de Dierenartsenpraktijk tot het leveren van een diergeneeskundige behandeling en\/of advies en\/of in het kader daarvan te leveren medicamenten. De Dierenartsenpraktijk voert deze werkzaamheden uit naar beste kunnen en met de zorgvuldigheid die van hem\/haar mag worden verwacht. De Dierenartsenpraktijk heeft het recht bij het uitvoeren van de (Behandelings)overeenkomst gebruik te maken van derden.<\/p>\n<p>\u00a0<\/p>\n<h5>Artikel 5: Tussentijdse be\u00ebindiging (Behandelings)overeenkomst<\/h5>\n<p><b>5.1<\/b><br \/>De tussen de Dierenartsenpraktijk en Cli\u00ebnt gesloten (Behandelings)overeenkomst wordt tussentijds be\u00ebindigd door:<\/p>\n<p>het uitdrukkelijk verzoek van de Cli\u00ebnt, waarbij de Cli\u00ebnt door de Dierenartsenpraktijk zo nodig zal worden gewezen op de mogelijke gevolgen van deze voortijdige be\u00ebindiging voor de Pati\u00ebnt en, indien be\u00ebindiging geschiedt tegen het advies van de Dierenarts en\/of de Dierenartsenpraktijk in, erop zal worden gewezen dat dit zal geschieden op risico van de Cli\u00ebnt en zonodig de Cli\u00ebnt hierover een schriftelijke verklaring laten afleggen;<br \/>het overlijden van de te behandelen Pati\u00ebnt;<br \/>een eenzijdige beslissing van de Dierenartsenpraktijk, indien de Dierenartsenpraktijk van mening is dat van hem\/haar redelijkerwijs<br \/>niet kan worden gevergd dat de diergeneeskundige behandeling zal worden voortgezet omdat er geen redelijke kans (meer) is op een<br \/>beoogd en\/of gewenst resultaat;<br \/>een eenzijdige beslissing van de Dierenartsenpraktijk indien het vertrouwen tussen de Dierenartsenpraktijk en de Cli\u00ebnt op ernstige wijze<br \/>is verstoord.<\/p>\n<p><b>5.2<\/b><br \/>Indien de (Behandelings)overeenkomst op eenzijdig verzoek van de Dierenartsenpraktijk tussentijds wordt be\u00ebindigd dan zal de Dierenartsenpraktijk, alvorens hiertoe over te gaan, de Cli\u00ebnt hierover informeren en zijn motivatie aan de Cli\u00ebnt uiteenzetten tenzij dit niet of niet tijdig mogelijk is.<\/p>\n<p><b>5.3<\/b><br \/>Indien de (Behandelings)overeenkomst voortijdig zal worden be\u00ebindigd dan zal de overeengekomen vergoeding naar rato van de wel reeds uitgevoerde werkzaamheden bij de Cli\u00ebnt in rekening worden gebracht, tenzij er sprake is van ondeelbare werkzaamheden. Dit naar beoordeling van de Dierenartsenpraktijk.<\/p>\n<p>\u00a0<\/p>\n<h5>Artikel 6: Tarieven, honoraria en betaling<\/h5>\n<p><b>6.1<\/b><br \/>De Dierenartsenpraktijk stelt de in rekening te brengen tarieven en honoraria vast volgens zijn eigen tarieven naar gelang tijd en omstandigheden. Op de nota wordt de berekende BTW vermeld.<\/p>\n<p><b>6.2<\/b><br \/>Betaling van de nota van de Dierenartsenpraktijk kan contant geschieden, direct na de verrichting tenzij anders overeengekomen. Voor niet contante betalingen geldt een betalingstermijn van 30 dagen na factuurdatum in welk geval administratiekosten in rekening gebracht kunnen worden.<\/p>\n<p><b>6.3<\/b><br \/>Indien meer nota\u2019s openstaan worden niet-integrale betalingen daarvan geacht te strekken tot voldoening van de eerstvervallene.<\/p>\n<p><b>6.4<\/b><br \/>Bij niet tijdige betaling zal de debiteur direct in verzuim zijn en is de debiteur de wettelijke rente verschuldigd over de hoofdsom of restant der vordering. Voor het verzenden van een aanmaning wordt per keer een bedrag van ten minste 5,00 (vijf euro) in rekening gebracht.<\/p>\n<p><b>6.5<\/b><br \/>De Debiteur is niet gerechtigd verrekening, uit welke hoofde dan ook, toe te passen ten aanzien van bedragen, die door de Dierenartsenpraktijk in rekening worden gebracht voor de door de Dierenartsenpraktijk verrichte werkzaamheden.<\/p>\n<p><b>6.6<\/b><br \/>Indien de Debiteur in verzuim is en tot incasso wordt overgegaan, is de Debiteur, naast het verschuldigde bedrag en de daarop verschenen rente, gehouden tot een volledige vergoeding van zowel de buitengerechtelijke als de gerechtelijke incassokosten. De buitengerechtelijke incassokosten worden, exclusief BTW gesteld op ten minste 15% van de verschuldigde hoofdsom met rente zulks met een minimum van 50,00 (vijftig euro).<\/p>\n<p><b>6.7<\/b><br \/>De Dierenartsenpraktijk heeft het recht om in voorkomende gevallen voorafgaand aan de uitvoering van zijn werkzaamheden van de Cli\u00ebnt een aanbetaling te verlangen en niet eerder met zijn werkzaamheden aan te vangen dan nadat het bedrag door de Dierenartsenpraktijk is ontvangen, tenzij de Dierenartsenpraktijk op grond van wettelijke en\/of gedrags-\/tuchtrechtelijke regelgeving verplicht is de aangeboden Pati\u00ebnt direct te behandelen.<\/p>\n<p><b>6.8<\/b><br \/>De Dierenartsenpraktijk heeft het recht om, indien de Cli\u00ebnt de Pati\u00ebnt na voltooiing van de diergeneeskundige behandeling niet of niet tijdig bij de Dierenartsenpraktijk ophaalt, alle daarmee gepaard gaande extra kosten bij de Cli\u00ebnt in rekening te brengen.<\/p>\n<p>\u00a0<\/p>\n<h5>Artikel 7: Klachten<\/h5>\n<p><b>7.1<\/b><br \/>De Cli\u00ebnt is verplicht om de door de Dierenartsenpraktijk te verrichten prestatie en\/of te leveren medicamenten onverwijld te keuren op direct constateerbare gebreken en\/of onvolkomenheden. De Cli\u00ebnt dient klachten over de verrichte diensten binnen 30 dagen nadat de werkzaamheden zijn be\u00ebindigd of nadat de gebreken en\/of onvolkomenheid aan de Cli\u00ebnt kenbaar is geworden, aan de Dierenartsenpraktijk (bij voorkeur schriftelijk) te berichten, bij overschrijding van welke termijn elke aanspraak jegens de Dierenartsenpraktijk terzake enige gebrek en\/of onvolkomenheid vervalt.<\/p>\n<p><b>7.2<\/b><br \/>Indien de Dierenartsenpraktijk de klacht over de verrichte prestatie gegrond bevindt, heeft de Dierenartsenpraktijk te allen tijde het recht om:<br \/>\u2013 a. indien dat nog mogelijk is, deze prestatie alsnog binnen een redelijke termijn op de juiste wijze te verrichten of;<br \/>\u2013 b. het door de Cli\u00ebnt verschuldigde bedrag te crediteren;<br \/>zulks ter keuze van de Dierenartsenpraktijk.<\/p>\n<p>\u00a0<\/p>\n<h5>Artikel 8: Aansprakelijkheid<\/h5>\n<p><b>8.1<\/b><br \/>Indien de Dierenartsenpraktijk op enigerlei wijze aansprakelijk zal zijn dan is deze aansprakelijkheid te allen tijde beperkt tot het bedrag waarop de aansprakelijkheidsverzekering van de Dierenartsenpraktijk in een voorkomend geval aanspraak op uitkering geeft. De polisvoorwaarden en polisbladen van deze verzekering liggen bij de Dierenartsenpraktijk ter inzage, waarvan een afschrift op eerste verzoek van de Cli\u00ebnt kosteloos zal worden verstrekt. Vergoeding van indirecte schade is te allen tijde uitgesloten, waaronder in ieder geval maar niet uitsluitend begrepen gevolgschade, gederfde winst, gemiste besparingen en schade door (bedrijfs)stagnatie en dergelijke.<\/p>\n<p><b>8.2<\/b><br \/>Indien er sprake is van een diergeneeskundige keuring, dan geldt in afwijking van het voorgaande lid van dit artikel het volgende:<br \/>De Dierenartsenpraktijk aanvaardt geen aansprakelijkheid voor enige schade veroorzaakt door het uitvoeren van de keuring dan wel door onjuistheden of onvolledigheden in het opstellen van het keuringsrapport, tenzij vaststaat dat deze schade te wijten is aan opzet en\/of grove schuld van de Dierenartsenpraktijk.<\/p>\n<p>\u00a0<\/p>\n<h5>Artikel 9: Eigendom<\/h5>\n<p><b>9.1<\/b><br \/>De Dierenartsenpraktijk behoudt te allen tijde de eigendom van afschriften, bescheiden en andere informatiedragers zoals bijvoorbeeld r\u00f6ntgenfoto\u2019s die betrekking hebben op de behandelde Pati\u00ebnt. De Dierenartsenpraktijk zal deze bescheiden gedurende 5 jaren bewaren. De Cli\u00ebnt kan op verzoek tegen een vergoeding van de kostprijs afschriften krijgen van deze informatie(dragers) en\/of andere bescheiden.<\/p>\n<p>\u00a0<\/p>\n<h5>Artikel 10: Bijzondere bepalingen<\/h5>\n<p><b>10.1<\/b><br \/>Foto\u2019s en films<br \/>Tijdens het consult en eventuele behandelingen, operaties en\/of opname kan het voorkomen dat er foto\u2019s en\/of films van uw huisdier gemaakt worden. We behouden ons het recht voor om deze te gebruiken voor publicatie op onze website en\/of in wetenschappelijke artikelen die wij schrijven. Tenzij de Cli\u00ebnt hiertegen uitdrukkelijke en onoverkomelijke bezwaren kenbaar heeft gemaakt.<br \/>Het gebruik van het materiaal zal op een dusdanige manier gebeueren dat de naam van de eigneaar niet in beeld zal komen.<\/p>\n<p><b>10.2<\/b><br \/>Wetenschappelijk onderzoek<br \/>De Dierenartsenpraktijk heeft het recht om (onderdelen van) de Pati\u00ebnt of van de Pati\u00ebnt afkomstige stoffen te gebruiken voor statistisch en\/of wetenschappelijk onderzoek, ofwel in een publicatie te verwerken, tenzij de Cli\u00ebnt hiertegen uitdrukkelijke en onoverkomelijke bezwaren kenbaar heeft gemaakt.<br \/>De Dierenartsenpraktijk zal zonodig het voornemen om genoemde gegevens te gebruiken voor onderzoek voorafgaand melden aan de Cli\u00ebnt.<\/p>\n<p>\u00a0<\/p>\n<h5>Artikel 11: Toepasselijk recht en geschillenbeslechting<\/h5>\n<p><b>11.1<\/b><br \/>Op alle (Behandelings)overeenkomsten tussen de Dierenartsenpraktijk en de Cli\u00ebnt is uitsluitend Nederlands recht van toepassing.<\/p>\n<p><b>11.2<\/b><br \/>In geval een geschil behoort tot de wettelijke competentie van de Arrondissementsrechtbank, is de rechtbank van de plaats van vestiging van de Dierenartsenpraktijk bevoegd van het geschil kennis te nemen, onverminderd de bevoegdheid van de Dierenartsenpraktijk een geschil aan de volgens de wet bevoegde rechter voor te leggen.<\/p>\n<\/div>\t\t\t\t\t\t<\/div>\n\t\t\t\t<\/div>\n\t\t\t\t<div class=\"elementor-element elementor-element-92ec239 elementor-widget elementor-widget-spacer\" data-id=\"92ec239\" data-element_type=\"widget\" data-widget_type=\"spacer.default\">\n\t\t\t\t<div class=\"elementor-widget-container\">\n\t\t\t\t\t<div class=\"elementor-spacer\">\n\t\t\t<div class=\"elementor-spacer-inner\"><\/div>\n\t\t<\/div>\n\t\t\t\t<\/div>\n\t\t\t\t<\/div>\n\t\t\t\t\t<\/div>\n\t\t\t\t<\/div>\n\t\t\t\t<\/div>\n\t\t","protected":false},"excerpt":{"rendered":"<p>Algemene voorwaarden van de KNMvD en Dierenartsenpraktijk Ypenburg &amp; Dorpsstraat Nootdorp Op onze behandelings overeenkomsten zijn van toepassing de Algemene Voorwaarden van de Koninklijke Nederlandse Maatschappij voor Diergeneeskunde, gedeponeerd ter griffie van de Arrondissementsrechtbank te Utrecht onder nummer 02\/192. \u00a0 Artikel 1: Definities In deze Algemene Voorwaarden wordt verstaan onder: Algemene Voorwaarden: alle bepalingen uit [&hellip;]<\/p>\n","protected":false},"author":2,"featured_media":0,"parent":0,"menu_order":0,"comment_status":"closed","ping_status":"closed","template":"","meta":{"footnotes":""},"class_list":["post-161","page","type-page","status-publish","hentry"],"_links":{"self":[{"href":"https:\/\/dierenartsypenburgnootdorp.nl\/index.php?rest_route=\/wp\/v2\/pages\/161","targetHints":{"allow":["GET"]}}],"collection":[{"href":"https:\/\/dierenartsypenburgnootdorp.nl\/index.php?rest_route=\/wp\/v2\/pages"}],"about":[{"href":"https:\/\/dierenartsypenburgnootdorp.nl\/index.php?rest_route=\/wp\/v2\/types\/page"}],"author":[{"embeddable":true,"href":"https:\/\/dierenartsypenburgnootdorp.nl\/index.php?rest_route=\/wp\/v2\/users\/2"}],"replies":[{"embeddable":true,"href":"https:\/\/dierenartsypenburgnootdorp.nl\/index.php?rest_route=%2Fwp%2Fv2%2Fcomments&post=161"}],"version-history":[{"count":4,"href":"https:\/\/dierenartsypenburgnootdorp.nl\/index.php?rest_route=\/wp\/v2\/pages\/161\/revisions"}],"predecessor-version":[{"id":239,"href":"https:\/\/dierenartsypenburgnootdorp.nl\/index.php?rest_route=\/wp\/v2\/pages\/161\/revisions\/239"}],"wp:attachment":[{"href":"https:\/\/dierenartsypenburgnootdorp.nl\/index.php?rest_route=%2Fwp%2Fv2%2Fmedia&parent=161"}],"curies":[{"name":"wp","href":"https:\/\/api.w.org\/{rel}","templated":true}]}}